{"id":542,"date":"2024-05-09T11:17:06","date_gmt":"2024-05-09T11:17:06","guid":{"rendered":"http:\/\/enlazadoseventos.es\/?page_id=542"},"modified":"2024-07-17T16:44:33","modified_gmt":"2024-07-17T16:44:33","slug":"bodas-tematicas","status":"publish","type":"page","link":"https:\/\/enlazadoseventos.es\/en\/bodas-tematicas\/","title":{"rendered":"Themed weddings"},"content":{"rendered":"<section class=\"l-section wpb_row height_auto width_full\"><div class=\"l-section-h i-cf\"><div class=\"g-cols vc_row via_grid cols_1 laptops-cols_inherit tablets-cols_inherit mobiles-cols_1 valign_top type_default stacking_default\"><div class=\"wpb_column vc_column_container\"><div class=\"vc_column-inner\"><div class=\"w-image align_none\"><div class=\"w-image-h\"><img decoding=\"async\" width=\"4000\" height=\"1600\" src=\"https:\/\/enlazadoseventos.es\/wp-content\/uploads\/2024\/05\/Banner-7-bodas-tematicas.png\" class=\"attachment-full size-full\" alt=\"\" loading=\"lazy\" srcset=\"https:\/\/enlazadoseventos.es\/wp-content\/uploads\/2024\/05\/Banner-7-bodas-tematicas.png 4000w, https:\/\/enlazadoseventos.es\/wp-content\/uploads\/2024\/05\/Banner-7-bodas-tematicas-300x120.png 300w, https:\/\/enlazadoseventos.es\/wp-content\/uploads\/2024\/05\/Banner-7-bodas-tematicas-1024x410.png 1024w, https:\/\/enlazadoseventos.es\/wp-content\/uploads\/2024\/05\/Banner-7-bodas-tematicas-1500x600.png 1500w, https:\/\/enlazadoseventos.es\/wp-content\/uploads\/2024\/05\/Banner-7-bodas-tematicas-200x80.png 200w, https:\/\/enlazadoseventos.es\/wp-content\/uploads\/2024\/05\/Banner-7-bodas-tematicas-1200x480.png 1200w\" sizes=\"auto, (max-width: 4000px) 100vw, 4000px\" \/><\/div><\/div><\/div><\/div><\/div><\/div><\/section><section class=\"l-section wpb_row us_custom_17b7cc28 us_animate_this height_medium\"><div class=\"l-section-h i-cf\"><div class=\"g-cols vc_row via_grid cols_1 laptops-cols_inherit tablets-cols_inherit mobiles-cols_1 valign_top type_default stacking_default\"><div class=\"wpb_column vc_column_container\"><div class=\"vc_column-inner\"><div class=\"wpb_text_column\"><div class=\"wpb_wrapper\"><h1 style=\"font-size: 2em; text-align: center;\"><strong>Bodas Tem\u00e1ticas<\/strong><\/h1>\n<\/div><\/div><div class=\"w-separator size_large with_line width_default thick_1 style_solid color_border align_center\"><div class=\"w-separator-h\"><\/div><\/div><div class=\"wpb_text_column with_collapsible_content\" data-content-height=\"200px\"><div class=\"wpb_wrapper\"><p style=\"text-align: justify;\"><span style=\"font-weight: 400;\">If you are one of those brides and grooms who have always dreamed of a dream wedding but unique, original, special, characteristic and that speaks of you through a theme that characterizes you, we will be happy to help you.<\/span><\/p>\n<p style=\"text-align: justify;\"><span style=\"font-weight: 400;\">This service is designed for couples who want a comprehensive organization of their themed wedding. We help you to coordinate every detail, from an initial meeting in which you tell us all the ins and outs and your ideas to the coordination of the big day so that everything goes beyond your expectations.<br \/>\n<\/span><\/p>\n<p><strong>How we work:\u00a0<\/strong><\/p>\n<p><span style=\"font-weight: 400;\">Preliminary phase:<\/span><\/p>\n<ul>\n<li><span style=\"font-weight: 400;\">We set up a meeting between the couple and their wedding planner.<\/span><\/li>\n<li>We define the style of the wedding and set the budget.<\/li>\n<li>We draw up a list of next steps and tasks.<\/li>\n<\/ul>\n<p><span style=\"font-weight: 400;\">Preparation phase:<\/span><\/p>\n<ul>\n<li><span style=\"font-weight: 400;\">We look for the best place for your ceremony and celebration.<\/span><\/li>\n<li>We choose the best catering for your wedding.<\/li>\n<li>We design and choose the details of the wedding: stationery, furniture, flowers, etc.<\/li>\n<li>We choose and hire the best suppliers: photographer, videographer, crazy hour, dj, music group...<\/li>\n<\/ul>\n<p><span style=\"font-weight: 400;\">Last phase:<\/span><\/p>\n<ul>\n<li><span style=\"font-weight: 400;\">We design the timing of your wedding<\/span><\/li>\n<li>We review the details with a rehearsal in the chosen spaces.<\/li>\n<li>Wedding day coordination.<\/li>\n<\/ul>\n<\/div><div class=\"toggle-links align_none\"><button class=\"collapsible-content-more\">Show More<\/button><button class=\"collapsible-content-less\">Show Less<\/button><\/div><\/div><div class=\"w-separator size_medium\"><\/div><div class=\"w-btn-wrapper align_center\"><a class=\"w-btn us-btn-style_6 us_custom_6745946f has_text_color\" href=\"http:\/\/enlazadoseventos.es\/en\/contacto\/\"><span class=\"w-btn-label\">CONTACT WITH US<\/span><\/a><\/div><div class=\"w-separator size_medium\"><\/div><\/div><\/div><\/div><\/div><\/section>","protected":false},"excerpt":{"rendered":"Bodas Tem\u00e1ticas Si sois de esos novios\/as que siempre hab\u00e9is so\u00f1ado con una boda de ensue\u00f1o pero \u00fanica, original, especial, caracter\u00edstica y que hable de vosotros a trav\u00e9s de una tem\u00e1tica que os caracteriza, estaremos encantados de ayudarte. Este servicio est\u00e1 pensado para parejas que desean una organizaci\u00f3n integral de su boda tem\u00e1tica. Os ayudamos...","protected":false},"author":1,"featured_media":0,"parent":0,"menu_order":0,"comment_status":"closed","ping_status":"open","template":"","meta":{"_acf_changed":false,"om_disable_all_campaigns":false,"_uf_show_specific_survey":0,"_uf_disable_surveys":false,"footnotes":""},"class_list":["post-542","page","type-page","status-publish","hentry"],"acf":[],"aioseo_notices":[],"_links":{"self":[{"href":"https:\/\/enlazadoseventos.es\/en\/wp-json\/wp\/v2\/pages\/542","targetHints":{"allow":["GET"]}}],"collection":[{"href":"https:\/\/enlazadoseventos.es\/en\/wp-json\/wp\/v2\/pages"}],"about":[{"href":"https:\/\/enlazadoseventos.es\/en\/wp-json\/wp\/v2\/types\/page"}],"author":[{"embeddable":true,"href":"https:\/\/enlazadoseventos.es\/en\/wp-json\/wp\/v2\/users\/1"}],"replies":[{"embeddable":true,"href":"https:\/\/enlazadoseventos.es\/en\/wp-json\/wp\/v2\/comments?post=542"}],"version-history":[{"count":12,"href":"https:\/\/enlazadoseventos.es\/en\/wp-json\/wp\/v2\/pages\/542\/revisions"}],"predecessor-version":[{"id":100279,"href":"https:\/\/enlazadoseventos.es\/en\/wp-json\/wp\/v2\/pages\/542\/revisions\/100279"}],"wp:attachment":[{"href":"https:\/\/enlazadoseventos.es\/en\/wp-json\/wp\/v2\/media?parent=542"}],"curies":[{"name":"wp","href":"https:\/\/api.w.org\/{rel}","templated":true}]}}