{"id":539,"date":"2024-05-09T11:16:35","date_gmt":"2024-05-09T11:16:35","guid":{"rendered":"http:\/\/enlazadoseventos.es\/?page_id=539"},"modified":"2024-08-12T10:38:15","modified_gmt":"2024-08-12T10:38:15","slug":"destination-wedding","status":"publish","type":"page","link":"https:\/\/enlazadoseventos.es\/en\/destination-wedding\/","title":{"rendered":"Destination wedding"},"content":{"rendered":"<section class=\"l-section wpb_row height_auto width_full\"><div class=\"l-section-h i-cf\"><div class=\"g-cols vc_row via_grid cols_1 laptops-cols_inherit tablets-cols_inherit mobiles-cols_1 valign_top type_default stacking_default\"><div class=\"wpb_column vc_column_container\"><div class=\"vc_column-inner\"><div class=\"w-image align_none\"><div class=\"w-image-h\"><img decoding=\"async\" width=\"4000\" height=\"1600\" src=\"https:\/\/enlazadoseventos.es\/wp-content\/uploads\/2024\/05\/Banners-Web-Alhambra-1.png\" class=\"attachment-full size-full\" alt=\"\" loading=\"lazy\" srcset=\"https:\/\/enlazadoseventos.es\/wp-content\/uploads\/2024\/05\/Banners-Web-Alhambra-1.png 4000w, https:\/\/enlazadoseventos.es\/wp-content\/uploads\/2024\/05\/Banners-Web-Alhambra-1-300x120.png 300w, https:\/\/enlazadoseventos.es\/wp-content\/uploads\/2024\/05\/Banners-Web-Alhambra-1-1024x410.png 1024w, https:\/\/enlazadoseventos.es\/wp-content\/uploads\/2024\/05\/Banners-Web-Alhambra-1-1500x600.png 1500w, https:\/\/enlazadoseventos.es\/wp-content\/uploads\/2024\/05\/Banners-Web-Alhambra-1-200x80.png 200w, https:\/\/enlazadoseventos.es\/wp-content\/uploads\/2024\/05\/Banners-Web-Alhambra-1-1200x480.png 1200w\" sizes=\"auto, (max-width: 4000px) 100vw, 4000px\" \/><\/div><\/div><\/div><\/div><\/div><\/div><\/section><section class=\"l-section wpb_row us_custom_17b7cc28 us_animate_this height_medium\"><div class=\"l-section-h i-cf\"><div class=\"g-cols vc_row via_grid cols_1 laptops-cols_inherit tablets-cols_inherit mobiles-cols_1 valign_top type_default stacking_default\"><div class=\"wpb_column vc_column_container\"><div class=\"vc_column-inner\"><div class=\"wpb_text_column\"><div class=\"wpb_wrapper\"><h1 style=\"font-size: 2em; text-align: center;\"><strong>Destination Weddings<\/strong><\/h1>\n<\/div><\/div><div class=\"w-separator size_large with_line width_default thick_1 style_solid color_border align_center\"><div class=\"w-separator-h\"><\/div><\/div><div class=\"wpb_text_column with_collapsible_content\" data-content-height=\"200px\"><div class=\"wpb_wrapper\"><p style=\"text-align: justify;\"><span style=\"font-weight: 400;\">If you have always dreamed of getting married in Granada, in some special corner of Andalusia or in a village in Spain but, you don't live here... Don't worry!<\/span><\/p>\n<p style=\"text-align: justify;\"><span style=\"font-weight: 400;\">From the very first moment, you will have at your disposal a professional wedding planner who will help you from the first preparations to the big day. We will schedule a first meeting (by video call or in person) so that you can explain all the details of your dream wedding.<\/span><\/p>\n<p style=\"text-align: justify;\"><span style=\"font-weight: 400;\">After this meeting we will take care of organizing every detail of your wedding, making proposals based on each of your ideas. <\/span><span style=\"font-weight: 400;\">Prestaremos atenci\u00f3n a cada detalle y repasaremos temas tan importantes como desplazamiento de invitados, alojamiento, etc.<\/span><\/p>\n<p style=\"text-align: justify;\"><span style=\"font-weight: 400;\">You will have constant contact with your wedding planner from the very first moment and he will be your great ally on the day of the wedding. He\/she will make everything go better than you expect and will make your day a dream day for you and your guests. You will not have to worry about anything.<\/span><\/p>\n<p style=\"text-align: justify;\"><strong>How we work:\u00a0<\/strong><\/p>\n<p><span style=\"font-weight: 400;\">Preliminary phase:<\/span><\/p>\n<ul>\n<li><span style=\"font-weight: 400;\">We set up a meeting between the couple and their wedding planner.<\/span><\/li>\n<li>We define the style of the wedding and set the budget.<\/li>\n<li>We draw up a list of next steps and tasks.<\/li>\n<\/ul>\n<p><span style=\"font-weight: 400;\">Preparation phase:<\/span><\/p>\n<ul>\n<li><span style=\"font-weight: 400;\">We look for the best place for your ceremony and celebration.<\/span><\/li>\n<li>We choose the best catering for your wedding.<\/li>\n<li>We design and choose the details of the wedding: stationery, furniture, flowers.<\/li>\n<li>We choose and hire the best suppliers: photographer, videographer, crazy hour, dj, music group...<\/li>\n<\/ul>\n<p><span style=\"font-weight: 400;\">Last phase:<\/span><\/p>\n<ul>\n<li><span style=\"font-weight: 400;\">We design the timing of your wedding.<\/span><\/li>\n<li>We review the details with rehearsal in the chosen spaces.<\/li>\n<li>Wedding day coordination.<\/li>\n<\/ul>\n<\/div><div class=\"toggle-links align_none\"><button class=\"collapsible-content-more\">Show More<\/button><button class=\"collapsible-content-less\">Show Less<\/button><\/div><\/div><div class=\"w-separator size_medium\"><\/div><div class=\"w-btn-wrapper align_center\"><a class=\"w-btn us-btn-style_6 us_custom_6745946f has_text_color\" href=\"http:\/\/enlazadoseventos.es\/en\/contacto\/\"><span class=\"w-btn-label\">CONTACT WITH US<\/span><\/a><\/div><div class=\"w-separator size_medium\"><\/div><\/div><\/div><\/div><\/div><\/section><section class=\"l-section wpb_row height_auto width_full\"><div class=\"l-section-h i-cf\"><div class=\"g-cols vc_row via_grid cols_1 laptops-cols_inherit tablets-cols_inherit mobiles-cols_1 valign_top type_default stacking_default\"><div class=\"wpb_column vc_column_container\"><div class=\"vc_column-inner\"><\/div><\/div><\/div><\/div><\/section>","protected":false},"excerpt":{"rendered":"Destination Weddings Si siempre has so\u00f1ado con casarte en Granada, en alg\u00fan rinc\u00f3n especial de Andaluc\u00eda o en alg\u00fan pueblo de Espa\u00f1a pero, no viv\u00eds aqu\u00ed&#8230; \u00a1No te preocupes! Desde el primer momento, tendr\u00e1s a tu disposici\u00f3n un wedding planner profesional que te ayudar\u00e1 desde los primeros preparativos hasta el gran d\u00eda. Planificaremos un primer...","protected":false},"author":1,"featured_media":0,"parent":0,"menu_order":0,"comment_status":"closed","ping_status":"open","template":"","meta":{"_acf_changed":false,"om_disable_all_campaigns":false,"_uf_show_specific_survey":0,"_uf_disable_surveys":false,"footnotes":""},"class_list":["post-539","page","type-page","status-publish","hentry"],"acf":[],"aioseo_notices":[],"_links":{"self":[{"href":"https:\/\/enlazadoseventos.es\/en\/wp-json\/wp\/v2\/pages\/539","targetHints":{"allow":["GET"]}}],"collection":[{"href":"https:\/\/enlazadoseventos.es\/en\/wp-json\/wp\/v2\/pages"}],"about":[{"href":"https:\/\/enlazadoseventos.es\/en\/wp-json\/wp\/v2\/types\/page"}],"author":[{"embeddable":true,"href":"https:\/\/enlazadoseventos.es\/en\/wp-json\/wp\/v2\/users\/1"}],"replies":[{"embeddable":true,"href":"https:\/\/enlazadoseventos.es\/en\/wp-json\/wp\/v2\/comments?post=539"}],"version-history":[{"count":15,"href":"https:\/\/enlazadoseventos.es\/en\/wp-json\/wp\/v2\/pages\/539\/revisions"}],"predecessor-version":[{"id":100281,"href":"https:\/\/enlazadoseventos.es\/en\/wp-json\/wp\/v2\/pages\/539\/revisions\/100281"}],"wp:attachment":[{"href":"https:\/\/enlazadoseventos.es\/en\/wp-json\/wp\/v2\/media?parent=539"}],"curies":[{"name":"wp","href":"https:\/\/api.w.org\/{rel}","templated":true}]}}