{"id":537,"date":"2024-05-09T11:16:08","date_gmt":"2024-05-09T11:16:08","guid":{"rendered":"http:\/\/enlazadoseventos.es\/?page_id=537"},"modified":"2024-07-17T16:45:02","modified_gmt":"2024-07-17T16:45:02","slug":"coordinacion-del-dia-de-la-boda","status":"publish","type":"page","link":"https:\/\/enlazadoseventos.es\/en\/coordinacion-del-dia-de-la-boda\/","title":{"rendered":"Wedding day coordination"},"content":{"rendered":"<section class=\"l-section wpb_row height_auto width_full\"><div class=\"l-section-h i-cf\"><div class=\"g-cols vc_row via_grid cols_1 laptops-cols_inherit tablets-cols_inherit mobiles-cols_1 valign_top type_default stacking_default\"><div class=\"wpb_column vc_column_container\"><div class=\"vc_column-inner\"><div class=\"w-image align_none\"><div class=\"w-image-h\"><img decoding=\"async\" width=\"4000\" height=\"1600\" src=\"https:\/\/enlazadoseventos.es\/wp-content\/uploads\/2024\/05\/Banner-3-Coordinacion-de-bodas.png\" class=\"attachment-full size-full\" alt=\"\" loading=\"lazy\" srcset=\"https:\/\/enlazadoseventos.es\/wp-content\/uploads\/2024\/05\/Banner-3-Coordinacion-de-bodas.png 4000w, https:\/\/enlazadoseventos.es\/wp-content\/uploads\/2024\/05\/Banner-3-Coordinacion-de-bodas-300x120.png 300w, https:\/\/enlazadoseventos.es\/wp-content\/uploads\/2024\/05\/Banner-3-Coordinacion-de-bodas-1024x410.png 1024w, https:\/\/enlazadoseventos.es\/wp-content\/uploads\/2024\/05\/Banner-3-Coordinacion-de-bodas-1500x600.png 1500w, https:\/\/enlazadoseventos.es\/wp-content\/uploads\/2024\/05\/Banner-3-Coordinacion-de-bodas-200x80.png 200w, https:\/\/enlazadoseventos.es\/wp-content\/uploads\/2024\/05\/Banner-3-Coordinacion-de-bodas-1200x480.png 1200w\" sizes=\"auto, (max-width: 4000px) 100vw, 4000px\" \/><\/div><\/div><\/div><\/div><\/div><\/div><\/section><section class=\"l-section wpb_row us_custom_17b7cc28 us_animate_this height_medium\"><div class=\"l-section-h i-cf\"><div class=\"g-cols vc_row via_grid cols_1 laptops-cols_inherit tablets-cols_inherit mobiles-cols_1 valign_top type_default stacking_default\"><div class=\"wpb_column vc_column_container\"><div class=\"vc_column-inner\"><div class=\"wpb_text_column\"><div class=\"wpb_wrapper\"><h1 style=\"font-size: 2em; text-align: center;\"><strong>Wedding day coordination<\/strong><\/h1>\n<\/div><\/div><div class=\"w-separator size_large with_line width_default thick_1 style_solid color_border align_center\"><div class=\"w-separator-h\"><\/div><\/div><div class=\"wpb_text_column with_collapsible_content\" data-content-height=\"200px\"><div class=\"wpb_wrapper\"><p style=\"text-align: justify;\"><span style=\"font-weight: 400;\">If you are looking for a wedding planner who will make you enjoy your wedding day without worries, but without being involved in the pre-planning, read on. <\/span><span style=\"font-weight: 400;\">This service is designed to make the whole wedding happen as you have dreamed and planned but without our team getting involved in the planning itself.\u00a0<\/span><\/p>\n<p style=\"text-align: justify;\"><span style=\"font-weight: 400;\">Our team will be available for you on your wedding day, we assure you that there is a big difference between living it with us and not having a wedding planner. We make the day unforgettable because you don't have to worry about anything else.<\/span><\/p>\n<p style=\"text-align: left;\"><span style=\"font-weight: 400;\">We will go over all the details of your wedding before the big day, and we will make a recurring follow-up so that nothing escapes you. With all the information we will elaborate the timings of the wedding and the big day you will only have to think about enjoying since we will be in charge of supervising and coordinating the big event from beginning to end.<br \/>\n<\/span><\/p>\n<p><strong>How we work:<\/strong><\/p>\n<p><span style=\"font-weight: 400;\">Initial phase and preparations:<\/span><\/p>\n<ul>\n<li><span style=\"font-weight: 400;\">Meeting with the bride and groom<\/span><\/li>\n<li>We review the details of the wedding<\/li>\n<li>We elaborate the timing and details of the wedding.<\/li>\n<\/ul>\n<p><span style=\"font-weight: 400;\">Last phase:<\/span><\/p>\n<ul>\n<li><span style=\"font-weight: 400;\">Supervision of assembly and coordination of suppliers prior to the link-up<\/span><\/li>\n<li>Wedding day coordination.<\/li>\n<\/ul>\n<\/div><div class=\"toggle-links align_none\"><button class=\"collapsible-content-more\">Show More<\/button><button class=\"collapsible-content-less\">Show Less<\/button><\/div><\/div><div class=\"w-separator size_medium\"><\/div><div class=\"w-btn-wrapper align_center\"><a class=\"w-btn us-btn-style_6 us_custom_6745946f has_text_color\" href=\"http:\/\/enlazadoseventos.es\/en\/contacto\/\"><span class=\"w-btn-label\">CONTACT WITH US<\/span><\/a><\/div><div class=\"w-separator size_medium\"><\/div><\/div><\/div><\/div><\/div><\/section><section class=\"l-section wpb_row height_auto width_full\"><div class=\"l-section-h i-cf\"><div class=\"g-cols vc_row via_grid cols_1 laptops-cols_inherit tablets-cols_inherit mobiles-cols_1 valign_top type_default stacking_default\"><div class=\"wpb_column vc_column_container\"><div class=\"vc_column-inner\"><div class=\"w-image align_none\"><div class=\"w-image-h\"><img decoding=\"async\" width=\"4000\" height=\"1600\" src=\"https:\/\/enlazadoseventos.es\/wp-content\/uploads\/2024\/05\/Banner-8-dia-de-la-voda.png\" class=\"attachment-full size-full\" alt=\"\" loading=\"lazy\" srcset=\"https:\/\/enlazadoseventos.es\/wp-content\/uploads\/2024\/05\/Banner-8-dia-de-la-voda.png 4000w, https:\/\/enlazadoseventos.es\/wp-content\/uploads\/2024\/05\/Banner-8-dia-de-la-voda-300x120.png 300w, https:\/\/enlazadoseventos.es\/wp-content\/uploads\/2024\/05\/Banner-8-dia-de-la-voda-1024x410.png 1024w, https:\/\/enlazadoseventos.es\/wp-content\/uploads\/2024\/05\/Banner-8-dia-de-la-voda-1500x600.png 1500w, https:\/\/enlazadoseventos.es\/wp-content\/uploads\/2024\/05\/Banner-8-dia-de-la-voda-200x80.png 200w, https:\/\/enlazadoseventos.es\/wp-content\/uploads\/2024\/05\/Banner-8-dia-de-la-voda-1200x480.png 1200w\" sizes=\"auto, (max-width: 4000px) 100vw, 4000px\" \/><\/div><\/div><\/div><\/div><\/div><\/div><\/section>","protected":false},"excerpt":{"rendered":"Coordinaci\u00f3n del d\u00eda de la boda Si lo que est\u00e1s buscando es a un wedding planner que te haga disfrutar del d\u00eda de tu boda sin preocupaciones, pero sin que este participe en la planificaci\u00f3n previa sigue leyendo. Este servicio est\u00e1 pensado para que toda la boda suceda como lo hab\u00e9is so\u00f1ado y planificado pero...","protected":false},"author":1,"featured_media":0,"parent":0,"menu_order":0,"comment_status":"closed","ping_status":"open","template":"","meta":{"_acf_changed":false,"om_disable_all_campaigns":false,"_uf_show_specific_survey":0,"_uf_disable_surveys":false,"footnotes":""},"class_list":["post-537","page","type-page","status-publish","hentry"],"acf":[],"aioseo_notices":[],"_links":{"self":[{"href":"https:\/\/enlazadoseventos.es\/en\/wp-json\/wp\/v2\/pages\/537","targetHints":{"allow":["GET"]}}],"collection":[{"href":"https:\/\/enlazadoseventos.es\/en\/wp-json\/wp\/v2\/pages"}],"about":[{"href":"https:\/\/enlazadoseventos.es\/en\/wp-json\/wp\/v2\/types\/page"}],"author":[{"embeddable":true,"href":"https:\/\/enlazadoseventos.es\/en\/wp-json\/wp\/v2\/users\/1"}],"replies":[{"embeddable":true,"href":"https:\/\/enlazadoseventos.es\/en\/wp-json\/wp\/v2\/comments?post=537"}],"version-history":[{"count":14,"href":"https:\/\/enlazadoseventos.es\/en\/wp-json\/wp\/v2\/pages\/537\/revisions"}],"predecessor-version":[{"id":100280,"href":"https:\/\/enlazadoseventos.es\/en\/wp-json\/wp\/v2\/pages\/537\/revisions\/100280"}],"wp:attachment":[{"href":"https:\/\/enlazadoseventos.es\/en\/wp-json\/wp\/v2\/media?parent=537"}],"curies":[{"name":"wp","href":"https:\/\/api.w.org\/{rel}","templated":true}]}}