{"id":303,"date":"2024-04-29T11:59:47","date_gmt":"2024-04-29T11:59:47","guid":{"rendered":"http:\/\/enlazadoseventos.es\/?page_id=303"},"modified":"2024-07-17T16:46:57","modified_gmt":"2024-07-17T16:46:57","slug":"otros-eventos","status":"publish","type":"page","link":"https:\/\/enlazadoseventos.es\/en\/otros-eventos\/","title":{"rendered":"Other events"},"content":{"rendered":"<section class=\"l-section wpb_row height_auto width_full\"><div class=\"l-section-h i-cf\"><div class=\"g-cols vc_row via_grid cols_1 laptops-cols_inherit tablets-cols_inherit mobiles-cols_1 valign_top type_default stacking_default\"><div class=\"wpb_column vc_column_container\"><div class=\"vc_column-inner\"><div class=\"w-image align_none\"><div class=\"w-image-h\"><img decoding=\"async\" width=\"4000\" height=\"1600\" src=\"https:\/\/enlazadoseventos.es\/wp-content\/uploads\/2024\/05\/Banner-otros-eventos.png\" class=\"attachment-full size-full\" alt=\"\" loading=\"lazy\" srcset=\"https:\/\/enlazadoseventos.es\/wp-content\/uploads\/2024\/05\/Banner-otros-eventos.png 4000w, https:\/\/enlazadoseventos.es\/wp-content\/uploads\/2024\/05\/Banner-otros-eventos-300x120.png 300w, https:\/\/enlazadoseventos.es\/wp-content\/uploads\/2024\/05\/Banner-otros-eventos-1024x410.png 1024w, https:\/\/enlazadoseventos.es\/wp-content\/uploads\/2024\/05\/Banner-otros-eventos-1500x600.png 1500w, https:\/\/enlazadoseventos.es\/wp-content\/uploads\/2024\/05\/Banner-otros-eventos-200x80.png 200w, https:\/\/enlazadoseventos.es\/wp-content\/uploads\/2024\/05\/Banner-otros-eventos-1200x480.png 1200w\" sizes=\"auto, (max-width: 4000px) 100vw, 4000px\" \/><\/div><\/div><\/div><\/div><\/div><\/div><\/section><section class=\"l-section wpb_row us_custom_17b7cc28 us_animate_this height_medium\"><div class=\"l-section-h i-cf\"><div class=\"g-cols vc_row via_grid cols_1 laptops-cols_inherit tablets-cols_inherit mobiles-cols_1 valign_top type_default stacking_default\"><div class=\"wpb_column vc_column_container\"><div class=\"vc_column-inner\"><div class=\"wpb_text_column\"><div class=\"wpb_wrapper\"><h1 style=\"font-size: 2em; text-align: center;\"><strong>Otros Eventos<\/strong><\/h1>\n<\/div><\/div><div class=\"w-separator size_large with_line width_default thick_1 style_solid color_border align_center\"><div class=\"w-separator-h\"><\/div><\/div><div class=\"wpb_text_column with_collapsible_content\" data-content-height=\"200px\"><div class=\"wpb_wrapper\"><p style=\"text-align: justify;\"><span style=\"font-weight: 400;\">This service is designed for those who are looking for help in planning and coordinating their special event. We organize all kinds of events, such as anniversaries, communions, baptisms, retirements, birthdays, etc. We make it unforgettable!<\/span><\/p>\n<p style=\"text-align: left;\"><strong>How we work:\u00a0<\/strong><\/p>\n<p style=\"text-align: left;\"><span style=\"font-weight: 400;\">Preliminary phase:<\/span><\/p>\n<ul>\n<li style=\"text-align: left;\"><span style=\"font-weight: 400;\">We set up a meeting<\/span><\/li>\n<li style=\"text-align: left;\">We define the style of the event and set the budget.<\/li>\n<li style=\"text-align: left;\">We draw up a list of next steps and tasks.<\/li>\n<\/ul>\n<p style=\"text-align: left;\"><span style=\"font-weight: 400;\">Preparation phase:<\/span><\/p>\n<ul>\n<li style=\"text-align: left;\"><span style=\"font-weight: 400;\">We look for the best place for your event.<\/span><\/li>\n<li style=\"text-align: left;\">We choose the best catering if needed.<\/li>\n<li style=\"text-align: left;\">We design and choose the details of the event: stationery, furniture, flowers, etc.<\/li>\n<li style=\"text-align: left;\">We choose and contract the best suppliers<\/li>\n<\/ul>\n<p style=\"text-align: left;\"><span style=\"font-weight: 400;\">Last phase:<\/span><\/p>\n<ul>\n<li style=\"text-align: left;\"><span style=\"font-weight: 400;\">We design the timing of your event<\/span><\/li>\n<li style=\"text-align: left;\">We review the details with a rehearsal in the chosen spaces.<\/li>\n<li style=\"text-align: left;\">Day-of-event coordination.<\/li>\n<\/ul>\n<\/div><div class=\"toggle-links align_none\"><button class=\"collapsible-content-more\">Show More<\/button><button class=\"collapsible-content-less\">Show Less<\/button><\/div><\/div><div class=\"w-separator size_medium\"><\/div><div class=\"w-btn-wrapper align_center\"><a class=\"w-btn us-btn-style_6\" href=\"http:\/\/enlazadoseventos.es\/en\/contacto\/\"><span class=\"w-btn-label\">CONTACT WITH US<\/span><\/a><\/div><div class=\"w-separator size_medium\"><\/div><\/div><\/div><\/div><\/div><\/section>","protected":false},"excerpt":{"rendered":"Otros Eventos Este servicio est\u00e1 pensado para quienes buscan la ayuda en la planificaci\u00f3n y coordinaci\u00f3n de su evento especial. Organizamos toda clase de eventos, como aniversarios, comuniiones, bautizos, jubilaciones, cumplea\u00f1os, etc. \u00a1Hacemos que sea inolvidable! C\u00f3mo trabajamos:\u00a0 Fase previa: Fijamos una reuni\u00f3n Se define el estilo del evento y fijamos presupuesto. Elaboramos un listado...","protected":false},"author":1,"featured_media":0,"parent":0,"menu_order":0,"comment_status":"closed","ping_status":"open","template":"","meta":{"_acf_changed":false,"om_disable_all_campaigns":false,"_uf_show_specific_survey":0,"_uf_disable_surveys":false,"footnotes":""},"class_list":["post-303","page","type-page","status-publish","hentry"],"acf":[],"aioseo_notices":[],"_links":{"self":[{"href":"https:\/\/enlazadoseventos.es\/en\/wp-json\/wp\/v2\/pages\/303","targetHints":{"allow":["GET"]}}],"collection":[{"href":"https:\/\/enlazadoseventos.es\/en\/wp-json\/wp\/v2\/pages"}],"about":[{"href":"https:\/\/enlazadoseventos.es\/en\/wp-json\/wp\/v2\/types\/page"}],"author":[{"embeddable":true,"href":"https:\/\/enlazadoseventos.es\/en\/wp-json\/wp\/v2\/users\/1"}],"replies":[{"embeddable":true,"href":"https:\/\/enlazadoseventos.es\/en\/wp-json\/wp\/v2\/comments?post=303"}],"version-history":[{"count":13,"href":"https:\/\/enlazadoseventos.es\/en\/wp-json\/wp\/v2\/pages\/303\/revisions"}],"predecessor-version":[{"id":100283,"href":"https:\/\/enlazadoseventos.es\/en\/wp-json\/wp\/v2\/pages\/303\/revisions\/100283"}],"wp:attachment":[{"href":"https:\/\/enlazadoseventos.es\/en\/wp-json\/wp\/v2\/media?parent=303"}],"curies":[{"name":"wp","href":"https:\/\/api.w.org\/{rel}","templated":true}]}}