{"id":296,"date":"2024-04-29T11:49:15","date_gmt":"2024-04-29T11:49:15","guid":{"rendered":"http:\/\/enlazadoseventos.es\/?page_id=296"},"modified":"2024-07-17T16:46:21","modified_gmt":"2024-07-17T16:46:21","slug":"oficiante-de-ceremonias","status":"publish","type":"page","link":"https:\/\/enlazadoseventos.es\/en\/oficiante-de-ceremonias\/","title":{"rendered":"Ceremonial Officiant"},"content":{"rendered":"<section class=\"l-section wpb_row height_auto width_full\"><div class=\"l-section-h i-cf\"><div class=\"g-cols vc_row via_grid cols_1 laptops-cols_inherit tablets-cols_inherit mobiles-cols_1 valign_top type_default stacking_default\"><div class=\"wpb_column vc_column_container\"><div class=\"vc_column-inner\"><div class=\"w-image align_none\"><div class=\"w-image-h\"><img decoding=\"async\" width=\"3909\" height=\"1600\" src=\"https:\/\/enlazadoseventos.es\/wp-content\/uploads\/2024\/04\/As-de-corazones.png\" class=\"attachment-full size-full\" alt=\"\" loading=\"lazy\" srcset=\"https:\/\/enlazadoseventos.es\/wp-content\/uploads\/2024\/04\/As-de-corazones.png 3909w, https:\/\/enlazadoseventos.es\/wp-content\/uploads\/2024\/04\/As-de-corazones-300x123.png 300w, https:\/\/enlazadoseventos.es\/wp-content\/uploads\/2024\/04\/As-de-corazones-1024x419.png 1024w, https:\/\/enlazadoseventos.es\/wp-content\/uploads\/2024\/04\/As-de-corazones-1500x614.png 1500w, https:\/\/enlazadoseventos.es\/wp-content\/uploads\/2024\/04\/As-de-corazones-200x82.png 200w, https:\/\/enlazadoseventos.es\/wp-content\/uploads\/2024\/04\/As-de-corazones-1200x491.png 1200w\" sizes=\"auto, (max-width: 3909px) 100vw, 3909px\" \/><\/div><\/div><\/div><\/div><\/div><\/div><\/section><section class=\"l-section wpb_row us_custom_17b7cc28 us_animate_this height_medium\"><div class=\"l-section-h i-cf\"><div class=\"g-cols vc_row via_grid cols_1 laptops-cols_inherit tablets-cols_inherit mobiles-cols_1 valign_top type_default stacking_default\"><div class=\"wpb_column vc_column_container\"><div class=\"vc_column-inner\"><div class=\"wpb_text_column\"><div class=\"wpb_wrapper\"><h1 style=\"font-size: 2em; text-align: center;\"><strong>Oficiante de Ceremonias<\/strong><\/h1>\n<\/div><\/div><div class=\"w-separator size_large with_line width_default thick_1 style_solid color_border align_center\"><div class=\"w-separator-h\"><\/div><\/div><div class=\"wpb_text_column with_collapsible_content\" data-content-height=\"200px\"><div class=\"wpb_wrapper\"><p style=\"text-align: justify;\"><span style=\"font-weight: 400;\">If you already have all the preparations but you are looking for an officiant who is in charge of making an emotional, fun, participative, exclusive, different or original ceremony, you can count on our experienced team.<\/span><\/p>\n<p style=\"text-align: justify;\"><span style=\"font-weight: 400;\">The officiant or master of ceremonies will meet with the bride and groom to share your story. With as much information as possible, he or she will be able to establish a completely personalized script for you. <\/span><span style=\"font-weight: 400;\">Days before the wedding we will go over the details and do a small rehearsal. We will make your ceremony authentic and unique.<br \/>\n<\/span><\/p>\n<p><strong>How we work:\u00a0<\/strong><\/p>\n<p><span style=\"font-weight: 400;\">Initial phase and preparations:<\/span><\/p>\n<ul>\n<li><span style=\"font-weight: 400;\">Meeting with the bride and groom.<\/span><\/li>\n<li>Tell us your story.<\/li>\n<li>We elaborate the timing of the ceremony.<\/li>\n<li>You have concerns about the tone and other details.<\/li>\n<li>We wrote the script.<\/li>\n<li>We take care of the technical aspects and ensure that the protocol of the ceremony is followed.<\/li>\n<\/ul>\n<p><span style=\"font-weight: 400;\">Last phase:<\/span><\/p>\n<ul>\n<li><span style=\"font-weight: 400;\">We go over the details and do a rehearsal days before the wedding.<\/span><\/li>\n<li>On the day of the wedding we coordinate and officiate the ceremony.<\/li>\n<\/ul>\n<\/div><div class=\"toggle-links align_none\"><button class=\"collapsible-content-more\">Show More<\/button><button class=\"collapsible-content-less\">Show Less<\/button><\/div><\/div><div class=\"w-separator size_medium\"><\/div><div class=\"w-btn-wrapper align_center\"><a class=\"w-btn us-btn-style_6 us_custom_6745946f has_text_color\" href=\"http:\/\/enlazadoseventos.es\/en\/contacto\/\"><span class=\"w-btn-label\">CONTACT WITH US<\/span><\/a><\/div><div class=\"w-separator size_medium\"><\/div><\/div><\/div><\/div><\/div><\/section><section class=\"l-section wpb_row height_auto width_full\"><div class=\"l-section-h i-cf\"><div class=\"g-cols vc_row via_grid cols_1 laptops-cols_inherit tablets-cols_inherit mobiles-cols_1 valign_top type_default stacking_default\"><div class=\"wpb_column vc_column_container\"><div class=\"vc_column-inner\"><div class=\"w-image align_none\"><div class=\"w-image-h\"><img decoding=\"async\" width=\"4000\" height=\"1600\" src=\"https:\/\/enlazadoseventos.es\/wp-content\/uploads\/2024\/05\/Banner-4-oficiante-de-ceremonias.png\" class=\"attachment-full size-full\" alt=\"\" loading=\"lazy\" srcset=\"https:\/\/enlazadoseventos.es\/wp-content\/uploads\/2024\/05\/Banner-4-oficiante-de-ceremonias.png 4000w, https:\/\/enlazadoseventos.es\/wp-content\/uploads\/2024\/05\/Banner-4-oficiante-de-ceremonias-300x120.png 300w, https:\/\/enlazadoseventos.es\/wp-content\/uploads\/2024\/05\/Banner-4-oficiante-de-ceremonias-1024x410.png 1024w, https:\/\/enlazadoseventos.es\/wp-content\/uploads\/2024\/05\/Banner-4-oficiante-de-ceremonias-1500x600.png 1500w, https:\/\/enlazadoseventos.es\/wp-content\/uploads\/2024\/05\/Banner-4-oficiante-de-ceremonias-200x80.png 200w, https:\/\/enlazadoseventos.es\/wp-content\/uploads\/2024\/05\/Banner-4-oficiante-de-ceremonias-1200x480.png 1200w\" sizes=\"auto, (max-width: 4000px) 100vw, 4000px\" \/><\/div><\/div><\/div><\/div><\/div><\/div><\/section>","protected":false},"excerpt":{"rendered":"Oficiante de Ceremonias Si ya tienes todos los preparativos pero, est\u00e1s buscando un oficiante que se encargue de hacer una ceremonia emotiva, divertida, participativa, exclusiva, diferente u original amena cuenta con nuestro experimentado equipo. El oficiante o maestro de ceremonias se reunir\u00e1 con los novios\/as para que compart\u00e1is con \u00e9l vuestra historia. Con la m\u00e1xima...","protected":false},"author":1,"featured_media":0,"parent":0,"menu_order":0,"comment_status":"closed","ping_status":"open","template":"","meta":{"_acf_changed":false,"om_disable_all_campaigns":false,"_uf_show_specific_survey":0,"_uf_disable_surveys":false,"footnotes":""},"class_list":["post-296","page","type-page","status-publish","hentry"],"acf":[],"aioseo_notices":[],"_links":{"self":[{"href":"https:\/\/enlazadoseventos.es\/en\/wp-json\/wp\/v2\/pages\/296","targetHints":{"allow":["GET"]}}],"collection":[{"href":"https:\/\/enlazadoseventos.es\/en\/wp-json\/wp\/v2\/pages"}],"about":[{"href":"https:\/\/enlazadoseventos.es\/en\/wp-json\/wp\/v2\/types\/page"}],"author":[{"embeddable":true,"href":"https:\/\/enlazadoseventos.es\/en\/wp-json\/wp\/v2\/users\/1"}],"replies":[{"embeddable":true,"href":"https:\/\/enlazadoseventos.es\/en\/wp-json\/wp\/v2\/comments?post=296"}],"version-history":[{"count":18,"href":"https:\/\/enlazadoseventos.es\/en\/wp-json\/wp\/v2\/pages\/296\/revisions"}],"predecessor-version":[{"id":100282,"href":"https:\/\/enlazadoseventos.es\/en\/wp-json\/wp\/v2\/pages\/296\/revisions\/100282"}],"wp:attachment":[{"href":"https:\/\/enlazadoseventos.es\/en\/wp-json\/wp\/v2\/media?parent=296"}],"curies":[{"name":"wp","href":"https:\/\/api.w.org\/{rel}","templated":true}]}}