{"id":190,"date":"2024-04-29T11:24:08","date_gmt":"2024-04-29T11:24:08","guid":{"rendered":"http:\/\/enlazadoseventos.es\/?page_id=190"},"modified":"2024-07-17T16:43:09","modified_gmt":"2024-07-17T16:43:09","slug":"organizacion-integral","status":"publish","type":"page","link":"https:\/\/enlazadoseventos.es\/en\/organizacion-integral\/","title":{"rendered":"Integral organization"},"content":{"rendered":"<section class=\"l-section wpb_row height_auto width_full\"><div class=\"l-section-h i-cf\"><div class=\"g-cols vc_row via_grid cols_1 laptops-cols_inherit tablets-cols_inherit mobiles-cols_1 valign_top type_default stacking_default\"><div class=\"wpb_column vc_column_container\"><div class=\"vc_column-inner\"><div class=\"w-image align_none\"><div class=\"w-image-h\"><img decoding=\"async\" width=\"4000\" height=\"1600\" src=\"https:\/\/enlazadoseventos.es\/wp-content\/uploads\/2024\/05\/Banner-2-Organizacion-integral.png\" class=\"attachment-full size-full\" alt=\"\" loading=\"lazy\" srcset=\"https:\/\/enlazadoseventos.es\/wp-content\/uploads\/2024\/05\/Banner-2-Organizacion-integral.png 4000w, https:\/\/enlazadoseventos.es\/wp-content\/uploads\/2024\/05\/Banner-2-Organizacion-integral-300x120.png 300w, https:\/\/enlazadoseventos.es\/wp-content\/uploads\/2024\/05\/Banner-2-Organizacion-integral-1024x410.png 1024w, https:\/\/enlazadoseventos.es\/wp-content\/uploads\/2024\/05\/Banner-2-Organizacion-integral-1500x600.png 1500w, https:\/\/enlazadoseventos.es\/wp-content\/uploads\/2024\/05\/Banner-2-Organizacion-integral-200x80.png 200w, https:\/\/enlazadoseventos.es\/wp-content\/uploads\/2024\/05\/Banner-2-Organizacion-integral-1200x480.png 1200w\" sizes=\"auto, (max-width: 4000px) 100vw, 4000px\" \/><\/div><\/div><\/div><\/div><\/div><\/div><\/section><section class=\"l-section wpb_row us_custom_17b7cc28 us_animate_this height_medium\"><div class=\"l-section-h i-cf\"><div class=\"g-cols vc_row via_grid cols_1 laptops-cols_inherit tablets-cols_inherit mobiles-cols_1 valign_top type_default stacking_default\"><div class=\"wpb_column vc_column_container\"><div class=\"vc_column-inner\"><div class=\"wpb_text_column\"><div class=\"wpb_wrapper\"><h1 style=\"font-size: 2em; text-align: center;\"><strong>Organizaci\u00f3n Integral<\/strong><\/h1>\n<\/div><\/div><div class=\"w-separator size_large with_line width_default thick_1 style_solid color_border align_center\"><div class=\"w-separator-h\"><\/div><\/div><div class=\"wpb_text_column with_collapsible_content\" data-content-height=\"200px\"><div class=\"wpb_wrapper\"><p style=\"text-align: justify;\"><span style=\"font-weight: 400;\">If you are looking for a professional wedding planner to take care of the design, planning and organization of your wedding, you are in the best place. <\/span><span style=\"font-weight: 400;\">You will count on us from the first moment with the first preparations until the day of the celebration in which the whole team will move to the place of the meeting so that everything goes perfect.<\/span><\/p>\n<p style=\"text-align: justify;\"><span style=\"font-weight: 400;\">From the first moment we will meet so that you can tell us all your ideas, you can explain in detail how is your dream wedding, all ideas are essential to start working together. <\/span><span style=\"font-weight: 400;\">We will continue with the choice of spaces and suppliers that will make your day the most magical moment of your lives.<\/span><\/p>\n<p style=\"text-align: justify;\"><span style=\"font-weight: 400;\">We will be in contact at all times, until the most awaited moment in which the whole team will be present to ensure that everything is fulfilled exceeding your expectations.<\/span><\/p>\n<p><strong>How we work:\u00a0<\/strong><\/p>\n<p><span style=\"font-weight: 400;\">Preliminary phase:<\/span><\/p>\n<ul>\n<li><span style=\"font-weight: 400;\">We set up a meeting between the couple and their wedding planner.<\/span><\/li>\n<li>We define the style of the wedding and set the budget.<\/li>\n<li>We draw up a list of next steps and tasks.<\/li>\n<\/ul>\n<p><span style=\"font-weight: 400;\">Preparation phase:<\/span><\/p>\n<ul>\n<li><span style=\"font-weight: 400;\">We look for the best place for your ceremony and celebration.<\/span><\/li>\n<li>We choose the best catering for your wedding.<\/li>\n<li>We design and choose the details of the wedding: stationery, furniture, flowers, etc.<\/li>\n<li>We choose and hire the best suppliers: photographer, videographer, crazy hour, dj, music group...<\/li>\n<\/ul>\n<p><span style=\"font-weight: 400;\">Last phase:<\/span><\/p>\n<ul>\n<li><span style=\"font-weight: 400;\">We design the timing of your wedding<\/span><\/li>\n<li>We review the details with a rehearsal in the chosen spaces.<\/li>\n<li>Wedding day coordination.<\/li>\n<\/ul>\n<\/div><div class=\"toggle-links align_none\"><button class=\"collapsible-content-more\">Show More<\/button><button class=\"collapsible-content-less\">Show Less<\/button><\/div><\/div><div class=\"w-separator size_medium\"><\/div><div class=\"w-btn-wrapper align_center\"><a class=\"w-btn us-btn-style_6 us_custom_6745946f has_text_color\" href=\"http:\/\/enlazadoseventos.es\/en\/contacto\/\"><span class=\"w-btn-label\">CONTACT WITH US<\/span><\/a><\/div><div class=\"w-separator size_small\"><\/div><\/div><\/div><\/div><\/div><\/section><section class=\"l-section wpb_row height_auto width_full\"><div class=\"l-section-h i-cf\"><div class=\"g-cols vc_row via_grid cols_1 laptops-cols_inherit tablets-cols_inherit mobiles-cols_1 valign_top type_default stacking_default\"><div class=\"wpb_column vc_column_container\"><div class=\"vc_column-inner\"><div class=\"w-image align_none\"><div class=\"w-image-h\"><img decoding=\"async\" width=\"4000\" height=\"1600\" src=\"https:\/\/enlazadoseventos.es\/wp-content\/uploads\/2024\/05\/Banner-1-Organizacion-integral.png\" class=\"attachment-full size-full\" alt=\"\" loading=\"lazy\" srcset=\"https:\/\/enlazadoseventos.es\/wp-content\/uploads\/2024\/05\/Banner-1-Organizacion-integral.png 4000w, https:\/\/enlazadoseventos.es\/wp-content\/uploads\/2024\/05\/Banner-1-Organizacion-integral-300x120.png 300w, https:\/\/enlazadoseventos.es\/wp-content\/uploads\/2024\/05\/Banner-1-Organizacion-integral-1024x410.png 1024w, https:\/\/enlazadoseventos.es\/wp-content\/uploads\/2024\/05\/Banner-1-Organizacion-integral-1500x600.png 1500w, https:\/\/enlazadoseventos.es\/wp-content\/uploads\/2024\/05\/Banner-1-Organizacion-integral-200x80.png 200w, https:\/\/enlazadoseventos.es\/wp-content\/uploads\/2024\/05\/Banner-1-Organizacion-integral-1200x480.png 1200w\" sizes=\"auto, (max-width: 4000px) 100vw, 4000px\" \/><\/div><\/div><\/div><\/div><\/div><\/div><\/section>","protected":false},"excerpt":{"rendered":"Organizaci\u00f3n Integral Si lo que est\u00e1s buscando es que un wedding profesional se encargue del dise\u00f1o, la planificaci\u00f3n y la organizaci\u00f3n integral de tu boda est\u00e1s en el mejor lugar. Contar\u00e1s con nosotros desde el primer momento con los primeros preparativos hasta el d\u00eda de la celebraci\u00f3n en la que todo el equipo se trasladar\u00e1...","protected":false},"author":1,"featured_media":0,"parent":0,"menu_order":0,"comment_status":"closed","ping_status":"open","template":"","meta":{"_acf_changed":false,"om_disable_all_campaigns":false,"_uf_show_specific_survey":0,"_uf_disable_surveys":false,"footnotes":""},"class_list":["post-190","page","type-page","status-publish","hentry"],"acf":[],"aioseo_notices":[],"_links":{"self":[{"href":"https:\/\/enlazadoseventos.es\/en\/wp-json\/wp\/v2\/pages\/190","targetHints":{"allow":["GET"]}}],"collection":[{"href":"https:\/\/enlazadoseventos.es\/en\/wp-json\/wp\/v2\/pages"}],"about":[{"href":"https:\/\/enlazadoseventos.es\/en\/wp-json\/wp\/v2\/types\/page"}],"author":[{"embeddable":true,"href":"https:\/\/enlazadoseventos.es\/en\/wp-json\/wp\/v2\/users\/1"}],"replies":[{"embeddable":true,"href":"https:\/\/enlazadoseventos.es\/en\/wp-json\/wp\/v2\/comments?post=190"}],"version-history":[{"count":45,"href":"https:\/\/enlazadoseventos.es\/en\/wp-json\/wp\/v2\/pages\/190\/revisions"}],"predecessor-version":[{"id":100277,"href":"https:\/\/enlazadoseventos.es\/en\/wp-json\/wp\/v2\/pages\/190\/revisions\/100277"}],"wp:attachment":[{"href":"https:\/\/enlazadoseventos.es\/en\/wp-json\/wp\/v2\/media?parent=190"}],"curies":[{"name":"wp","href":"https:\/\/api.w.org\/{rel}","templated":true}]}}